{"id":64,"date":"2020-10-25T14:51:19","date_gmt":"2020-10-25T13:51:19","guid":{"rendered":"https:\/\/wohnen-in-bentwisch.de\/?page_id=64"},"modified":"2026-03-30T20:33:27","modified_gmt":"2026-03-30T18:33:27","slug":"impressum-2","status":"publish","type":"page","link":"https:\/\/wohnen-in-bentwisch.de\/?page_id=64","title":{"rendered":"Impressum"},"content":{"rendered":"<div  data-label=\"Impressum\" data-id=\"content--1\" data-export-id=\"content-12\" data-category=\"content\" class=\"content-12 content-section content-section-spacing\" id=\"impressum\" style=\"background-color: rgb(255, 255, 255);\"><div  class=\"gridContainer\"> <div  class=\"row text-center\"><div  class=\"section-title-col\" data-type=\"column\"><p  class=\"lead\" style=\"text-align: left;\"><span  style=\"font-weight: 700;\">Angaben gem\u00e4\u00df \u00a7 5 DDG<\/span><br >\nStephan Immobilien Bentwisch eGbR<br >\nAm Graben 2<br >\n18182 Bentwisch<br ><br >\n<span  style=\"font-weight: 700;\">Vertretungsberechtigte Gesellschafter<\/span><br >Katharina Stephan<br >\nSebastian Stephan\n<br ><br ><span  style=\"font-weight: 700;\">Gesellschaftsregister<\/span><br >Amtsgericht Rostock, GsR 332<br ><br >\n<span  style=\"font-weight: 700;\">Kontakt<\/span><br >\nE-Mail: info (at) Wohnen-in-Bentwisch.de\n<br ><br >\nWir sind nicht bereit oder verpflichtet, an Streitbeilegungsverfahren vor einer Verbraucherschlichtungsstelle teilzunehmen.\n<br ><br ><br >\n<span  style=\"font-weight: 700;\">Haftung f\u00fcr Inhalte<\/span><br >Als Diensteanbieter sind wir f\u00fcr eigene Inhalte auf diesen Seiten nach den allgemeinen Gesetzen verantwortlich.<br ><br >\n<span  style=\"font-weight: 700;\">Haftung f\u00fcr Links<\/span><br >Unser Angebot enth\u00e4lt Links zu externen Websites Dritter, auf deren Inhalte wir keinen Einfluss haben. F\u00fcr diese fremden Inhalte \u00fcbernehmen wir keine Gew\u00e4hr. F\u00fcr die Inhalte der verlinkten Seiten ist stets der jeweilige Anbieter oder Betreiber der Seiten verantwortlich. Bei Bekanntwerden von Rechtsverletzungen werden wir derartige Links umgehend entfernen.<br ><br >\n<span  style=\"font-weight: 700;\">Urheberrecht<\/span><br >Die durch den Seitenbetreiber erstellten Inhalte und Werke auf diesen Seiten unterliegen dem deutschen Urheberrecht. Jede Verwertung au\u00dferhalb der Grenzen des Urheberrechts bedarf der vorherigen schriftlichen Zustimmung des jeweiligen Rechteinhabers. Sollten Sie auf eine Urheberrechtsverletzung aufmerksam werden, bitten wir um einen entsprechenden Hinweis. Bei Bekanntwerden von Rechtsverletzungen werden wir derartige Inhalte umgehend entfernen.<\/p>  <\/div> <\/div> <div  class=\"row center-xs middle-xs\"> <div  class=\"col-sm-9\" data-type=\"column\"> <\/div> <\/div><\/div> <\/div>","protected":false},"excerpt":{"rendered":"<p>Angaben gem\u00e4\u00df \u00a7 5 DDG Stephan Immobilien Bentwisch eGbR Am Graben 2 18182 Bentwisch Vertretungsberechtigte GesellschafterKatharina Stephan Sebastian Stephan GesellschaftsregisterAmtsgericht Rostock, GsR 332 Kontakt E-Mail: info (at) Wohnen-in-Bentwisch.de Wir sind nicht bereit oder verpflichtet, an Streitbeilegungsverfahren vor einer Verbraucherschlichtungsstelle teilzunehmen. Haftung f\u00fcr InhalteAls Diensteanbieter sind wir f\u00fcr eigene Inhalte auf diesen Seiten nach den allgemeinen&hellip; <br \/> <a class=\"read-more\" href=\"https:\/\/wohnen-in-bentwisch.de\/?page_id=64\">Read more<\/a><\/p>\n","protected":false},"author":1,"featured_media":61,"parent":0,"menu_order":0,"comment_status":"closed","ping_status":"closed","template":"","meta":{"footnotes":""},"class_list":["post-64","page","type-page","status-publish","has-post-thumbnail","hentry"],"aioseo_notices":[],"_links":{"self":[{"href":"https:\/\/wohnen-in-bentwisch.de\/index.php?rest_route=\/wp\/v2\/pages\/64","targetHints":{"allow":["GET"]}}],"collection":[{"href":"https:\/\/wohnen-in-bentwisch.de\/index.php?rest_route=\/wp\/v2\/pages"}],"about":[{"href":"https:\/\/wohnen-in-bentwisch.de\/index.php?rest_route=\/wp\/v2\/types\/page"}],"author":[{"embeddable":true,"href":"https:\/\/wohnen-in-bentwisch.de\/index.php?rest_route=\/wp\/v2\/users\/1"}],"replies":[{"embeddable":true,"href":"https:\/\/wohnen-in-bentwisch.de\/index.php?rest_route=%2Fwp%2Fv2%2Fcomments&post=64"}],"version-history":[{"count":11,"href":"https:\/\/wohnen-in-bentwisch.de\/index.php?rest_route=\/wp\/v2\/pages\/64\/revisions"}],"predecessor-version":[{"id":480,"href":"https:\/\/wohnen-in-bentwisch.de\/index.php?rest_route=\/wp\/v2\/pages\/64\/revisions\/480"}],"wp:featuredmedia":[{"embeddable":true,"href":"https:\/\/wohnen-in-bentwisch.de\/index.php?rest_route=\/wp\/v2\/media\/61"}],"wp:attachment":[{"href":"https:\/\/wohnen-in-bentwisch.de\/index.php?rest_route=%2Fwp%2Fv2%2Fmedia&parent=64"}],"curies":[{"name":"wp","href":"https:\/\/api.w.org\/{rel}","templated":true}]}}